{"id":26,"date":"2021-01-28T23:18:41","date_gmt":"2021-01-28T23:18:41","guid":{"rendered":"http:\/\/www.lektoratsbuero-architektur.de\/?page_id=26"},"modified":"2022-02-23T11:41:19","modified_gmt":"2022-02-23T11:41:19","slug":"andreas-mueller","status":"publish","type":"page","link":"https:\/\/www.lektoratsbuero-architektur.de\/en\/andreas-mueller\/","title":{"rendered":"\u00bb Andreas M\u00fcller"},"content":{"rendered":"<p>[et_pb_section fb_built=&#8220;1&#8243; _builder_version=&#8220;4.6.1&#8243; _module_preset=&#8220;default&#8220; custom_margin=&#8220;||||false|false&#8220; custom_padding=&#8220;0px||||false|false&#8220; global_colors_info=&#8220;{}&#8220;][et_pb_row use_custom_gutter=&#8220;on&#8220; gutter_width=&#8220;2&#8243; _builder_version=&#8220;4.14.7&#8243; _module_preset=&#8220;default&#8220; custom_margin=&#8220;0px||||false|false&#8220; global_colors_info=&#8220;{}&#8220;][et_pb_column type=&#8220;4_4&#8243; _builder_version=&#8220;4.14.7&#8243; _module_preset=&#8220;default&#8220; border_color_top=&#8220;rgba(0,0,0,0)&#8220; global_colors_info=&#8220;{}&#8220;][et_pb_text disabled_on=&#8220;on|on|off&#8220; _builder_version=&#8220;4.14.8&#8243; _module_preset=&#8220;default&#8220; header_2_font=&#8220;Source Serif Pro||||||||&#8220; header_2_text_color=&#8220;#22c991&#8243; header_2_font_size=&#8220;25px&#8220; custom_padding=&#8220;10px||10px||false|false&#8220; custom_padding_tablet=&#8220;|0px|||false|false&#8220; custom_padding_phone=&#8220;|0px|||false|false&#8220; custom_padding_last_edited=&#8220;on|phone&#8220; border_width_top=&#8220;4px&#8220; border_color_top=&#8220;#000000&#8243; global_colors_info=&#8220;{}&#8220;]<\/p>\n<h3><strong><span style=\"color: #2b2b2b;\">Andreas M\u00fcller<br \/><\/span><\/strong><\/h3>\n<p><img loading=\"lazy\" decoding=\"async\" class=\"wp-image-1094 size-full alignright\" src=\"https:\/\/www.lektoratsbuero-architektur.de\/wp-content\/uploads\/2021\/02\/andreas.png\" alt=\"\" width=\"245\" height=\"200\" srcset=\"https:\/\/www.lektoratsbuero-architektur.de\/wp-content\/uploads\/2021\/02\/andreas.png 245w, https:\/\/www.lektoratsbuero-architektur.de\/wp-content\/uploads\/2021\/02\/andreas-16x12.png 16w\" sizes=\"(max-width: 245px) 100vw, 245px\" \/><\/p>\n<p>As an editor I attend to publications in architecture and related fields with services in<\/p>\n<ul>\n<li>planning and conception,<\/li>\n<li>editing and copy-editing, including research on content and fact-checking,<\/li>\n<li>project management and cooperation with publication editors, translators, graphic designers and publishers.<\/li>\n<\/ul>\n<p>I attend to all sorts of texts \u2013 mostly combined with illustrations \u2013 enabling them to be published for a specific audience, be it in print or digital.<\/p>\n<p>This comprises editorial work on concepts, contents, language, presentation and organizational issues. It also comprises consultancy on financing, contractual arrangements and publication distribution.<\/p>\n<p>My partners, authors and clients are publishing houses, academic teachers in architecture, art and art history, architectural offices, galleries and institutions. My commissions are mostly for book projects, exhibition catalogues, academic theses or competition briefs.<\/p>\n<p>My working languages are English, German and French, with a deep background in international cooperations mostly in the USA and France.<\/p>\n<p>I focus on print publications, with some additional experience in digital publications in the Epub format as well as databases on architectural topics.<\/p>\n<p>&nbsp;<\/p>\n<p>[\/et_pb_text][et_pb_text disabled_on=&#8220;off|off|on&#8220; _builder_version=&#8220;4.14.8&#8243; _module_preset=&#8220;default&#8220; header_2_font=&#8220;Source Serif Pro||||||||&#8220; header_2_text_color=&#8220;#22c991&#8243; header_2_font_size=&#8220;25px&#8220; custom_padding=&#8220;10px||10px||false|false&#8220; custom_padding_tablet=&#8220;|0px|||false|false&#8220; custom_padding_phone=&#8220;|0px|||false|false&#8220; custom_padding_last_edited=&#8220;on|phone&#8220; border_width_top=&#8220;4px&#8220; global_colors_info=&#8220;{}&#8220;]<\/p>\n<h3><strong><span style=\"color: #2b2b2b;\">Andreas M\u00fcller<br \/><\/span><\/strong><\/h3>\n<p>As an editor I attend to publications in architecture and related fields with services in<\/p>\n<ul>\n<li>planning and conception,<\/li>\n<li>editing and copy-editing, including research on content and fact-checking,<\/li>\n<li>project management and cooperation with publication editors, translators, graphic designers and publishers.<\/li>\n<\/ul>\n<p>I attend to all sorts of texts \u2013 mostly combined with illustrations \u2013 enabling them to be published for a specific audience, be it in print or digital.<\/p>\n<p><img loading=\"lazy\" decoding=\"async\" class=\"wp-image-1094 alignnone size-full\" src=\"https:\/\/www.lektoratsbuero-architektur.de\/wp-content\/uploads\/2021\/02\/andreas.png\" alt=\"\" width=\"245\" height=\"200\" srcset=\"https:\/\/www.lektoratsbuero-architektur.de\/wp-content\/uploads\/2021\/02\/andreas.png 245w, https:\/\/www.lektoratsbuero-architektur.de\/wp-content\/uploads\/2021\/02\/andreas-16x12.png 16w\" sizes=\"(max-width: 245px) 100vw, 245px\" \/><\/p>\n<p>This comprises editorial work on concepts, contents, language, presentation and organizational issues. It also comprises consultancy on financing, contractual arrangements and publication distribution.<\/p>\n<p>My partners, authors and clients are publishing houses, academic teachers in architecture, art and art history, architectural offices, galleries and institutions. My commissions are mostly for book projects, exhibition catalogues, academic theses or competition briefs.<\/p>\n<p>My working languages are English, German and French, with a deep background in international cooperations mostly in the USA and France.<\/p>\n<p>I focus on print publications, with some additional experience in digital publications in the Epub format as well as databases on architectural topics.<\/p>\n<p>&nbsp;<\/p>\n<p>[\/et_pb_text][\/et_pb_column][\/et_pb_row][\/et_pb_section]<\/p>","protected":false},"excerpt":{"rendered":"<p>Andreas M\u00fcller Als Lektor betreue ich Publikationen in Architektur und verwandten Gebieten mit den Leistungen Planung und Konzeption, Redaktion einschlie\u00dflich Recherche und Fact-checking, Projektmanagement und Zusammenarbeit mit Herausgebern, \u00dcbersetzern, Graphikern und Verlagen. Hinzu kommen \u00dcbersetzungen und das Verfassen von Texten. Ich betreue alle Arten von Texten \u2013 in der Regel in Verbindung mit Abbildungen \u2013 [&hellip;]<\/p>","protected":false},"author":1,"featured_media":0,"parent":0,"menu_order":0,"comment_status":"closed","ping_status":"closed","template":"","meta":{"_et_pb_use_builder":"on","_et_pb_old_content":"","_et_gb_content_width":"","footnotes":""},"yoast_head":"<!-- This site is optimized with the Yoast SEO plugin v22.2 - https:\/\/yoast.com\/wordpress\/plugins\/seo\/ -->\n<title>\u00bb Andreas M\u00fcller - Lektoratsbuero Architektur<\/title>\n<meta name=\"description\" content=\"Als Lektor betreue ich Publikationen in Architektur und verwandten Gebieten mit den LeistungenPlanung und Konzeption,Redaktion einschlie\u00dflich Recherche und Fact-checking,Projektmanagement und Zusammenarbeit mit Herausgebern, \u00dcbersetzern, Graphikern und Verlagen.Hinzu kommen \u00dcbersetzungen und das Verfassen von Texten.\" \/>\n<meta name=\"robots\" content=\"index, follow, max-snippet:-1, max-image-preview:large, max-video-preview:-1\" \/>\n<link rel=\"canonical\" href=\"https:\/\/www.lektoratsbuero-architektur.de\/en\/andreas-mueller\/\" \/>\n<meta property=\"og:locale\" content=\"en_US\" \/>\n<meta property=\"og:type\" content=\"article\" \/>\n<meta property=\"og:title\" content=\"\u00bb Andreas M\u00fcller - Lektoratsbuero Architektur\" \/>\n<meta property=\"og:description\" content=\"Als Lektor betreue ich Publikationen in Architektur und verwandten Gebieten mit den LeistungenPlanung und Konzeption,Redaktion einschlie\u00dflich Recherche und Fact-checking,Projektmanagement und Zusammenarbeit mit Herausgebern, \u00dcbersetzern, Graphikern und Verlagen.Hinzu kommen \u00dcbersetzungen und das Verfassen von Texten.\" \/>\n<meta property=\"og:url\" content=\"https:\/\/www.lektoratsbuero-architektur.de\/en\/andreas-mueller\/\" \/>\n<meta property=\"og:site_name\" content=\"Lektoratsbuero Architektur\" \/>\n<meta property=\"article:modified_time\" content=\"2022-02-23T11:41:19+00:00\" \/>\n<meta property=\"og:image\" content=\"https:\/\/www.lektoratsbuero-architektur.de\/wp-content\/uploads\/2021\/02\/andreas.png\" \/>\n<meta name=\"twitter:card\" content=\"summary_large_image\" \/>\n<meta name=\"twitter:label1\" content=\"Est. reading time\" \/>\n\t<meta name=\"twitter:data1\" content=\"3 minutes\" \/>\n<script type=\"application\/ld+json\" class=\"yoast-schema-graph\">{\"@context\":\"https:\/\/schema.org\",\"@graph\":[{\"@type\":\"WebPage\",\"@id\":\"https:\/\/www.lektoratsbuero-architektur.de\/andreas-mueller\/\",\"url\":\"https:\/\/www.lektoratsbuero-architektur.de\/andreas-mueller\/\",\"name\":\"\u00bb Andreas M\u00fcller - Lektoratsbuero Architektur\",\"isPartOf\":{\"@id\":\"https:\/\/www.lektoratsbuero-architektur.de\/#website\"},\"primaryImageOfPage\":{\"@id\":\"https:\/\/www.lektoratsbuero-architektur.de\/andreas-mueller\/#primaryimage\"},\"image\":{\"@id\":\"https:\/\/www.lektoratsbuero-architektur.de\/andreas-mueller\/#primaryimage\"},\"thumbnailUrl\":\"https:\/\/www.lektoratsbuero-architektur.de\/wp-content\/uploads\/2021\/02\/andreas.png\",\"datePublished\":\"2021-01-28T23:18:41+00:00\",\"dateModified\":\"2022-02-23T11:41:19+00:00\",\"description\":\"Als Lektor betreue ich Publikationen in Architektur und verwandten Gebieten mit den LeistungenPlanung und Konzeption,Redaktion einschlie\u00dflich Recherche und Fact-checking,Projektmanagement und Zusammenarbeit mit Herausgebern, \u00dcbersetzern, Graphikern und Verlagen.Hinzu kommen \u00dcbersetzungen und das Verfassen von Texten.\",\"breadcrumb\":{\"@id\":\"https:\/\/www.lektoratsbuero-architektur.de\/andreas-mueller\/#breadcrumb\"},\"inLanguage\":\"en-US\",\"potentialAction\":[{\"@type\":\"ReadAction\",\"target\":[\"https:\/\/www.lektoratsbuero-architektur.de\/andreas-mueller\/\"]}]},{\"@type\":\"ImageObject\",\"inLanguage\":\"en-US\",\"@id\":\"https:\/\/www.lektoratsbuero-architektur.de\/andreas-mueller\/#primaryimage\",\"url\":\"https:\/\/www.lektoratsbuero-architektur.de\/wp-content\/uploads\/2021\/02\/andreas.png\",\"contentUrl\":\"https:\/\/www.lektoratsbuero-architektur.de\/wp-content\/uploads\/2021\/02\/andreas.png\",\"width\":245,\"height\":200},{\"@type\":\"BreadcrumbList\",\"@id\":\"https:\/\/www.lektoratsbuero-architektur.de\/andreas-mueller\/#breadcrumb\",\"itemListElement\":[{\"@type\":\"ListItem\",\"position\":1,\"name\":\"Startseite\",\"item\":\"https:\/\/www.lektoratsbuero-architektur.de\/\"},{\"@type\":\"ListItem\",\"position\":2,\"name\":\"\u00bb Andreas M\u00fcller\"}]},{\"@type\":\"WebSite\",\"@id\":\"https:\/\/www.lektoratsbuero-architektur.de\/#website\",\"url\":\"https:\/\/www.lektoratsbuero-architektur.de\/\",\"name\":\"Lektoratsbuero Architektur\",\"description\":\"Internationales Lektoratsb\u00fcro Architektur von Andreas M\u00fcller und Ria Stein\",\"potentialAction\":[{\"@type\":\"SearchAction\",\"target\":{\"@type\":\"EntryPoint\",\"urlTemplate\":\"https:\/\/www.lektoratsbuero-architektur.de\/?s={search_term_string}\"},\"query-input\":\"required name=search_term_string\"}],\"inLanguage\":\"en-US\"}]}<\/script>\n<!-- \/ Yoast SEO plugin. -->","yoast_head_json":{"title":"\u00bb Andreas M\u00fcller - Lektoratsbuero Architektur","description":"Als Lektor betreue ich Publikationen in Architektur und verwandten Gebieten mit den LeistungenPlanung und Konzeption,Redaktion einschlie\u00dflich Recherche und Fact-checking,Projektmanagement und Zusammenarbeit mit Herausgebern, \u00dcbersetzern, Graphikern und Verlagen.Hinzu kommen \u00dcbersetzungen und das Verfassen von Texten.","robots":{"index":"index","follow":"follow","max-snippet":"max-snippet:-1","max-image-preview":"max-image-preview:large","max-video-preview":"max-video-preview:-1"},"canonical":"https:\/\/www.lektoratsbuero-architektur.de\/en\/andreas-mueller\/","og_locale":"en_US","og_type":"article","og_title":"\u00bb Andreas M\u00fcller - Lektoratsbuero Architektur","og_description":"Als Lektor betreue ich Publikationen in Architektur und verwandten Gebieten mit den LeistungenPlanung und Konzeption,Redaktion einschlie\u00dflich Recherche und Fact-checking,Projektmanagement und Zusammenarbeit mit Herausgebern, \u00dcbersetzern, Graphikern und Verlagen.Hinzu kommen \u00dcbersetzungen und das Verfassen von Texten.","og_url":"https:\/\/www.lektoratsbuero-architektur.de\/en\/andreas-mueller\/","og_site_name":"Lektoratsbuero Architektur","article_modified_time":"2022-02-23T11:41:19+00:00","og_image":[{"url":"https:\/\/www.lektoratsbuero-architektur.de\/wp-content\/uploads\/2021\/02\/andreas.png"}],"twitter_card":"summary_large_image","twitter_misc":{"Est. reading time":"3 minutes"},"schema":{"@context":"https:\/\/schema.org","@graph":[{"@type":"WebPage","@id":"https:\/\/www.lektoratsbuero-architektur.de\/andreas-mueller\/","url":"https:\/\/www.lektoratsbuero-architektur.de\/andreas-mueller\/","name":"\u00bb Andreas M\u00fcller - Lektoratsbuero Architektur","isPartOf":{"@id":"https:\/\/www.lektoratsbuero-architektur.de\/#website"},"primaryImageOfPage":{"@id":"https:\/\/www.lektoratsbuero-architektur.de\/andreas-mueller\/#primaryimage"},"image":{"@id":"https:\/\/www.lektoratsbuero-architektur.de\/andreas-mueller\/#primaryimage"},"thumbnailUrl":"https:\/\/www.lektoratsbuero-architektur.de\/wp-content\/uploads\/2021\/02\/andreas.png","datePublished":"2021-01-28T23:18:41+00:00","dateModified":"2022-02-23T11:41:19+00:00","description":"Als Lektor betreue ich Publikationen in Architektur und verwandten Gebieten mit den LeistungenPlanung und Konzeption,Redaktion einschlie\u00dflich Recherche und Fact-checking,Projektmanagement und Zusammenarbeit mit Herausgebern, \u00dcbersetzern, Graphikern und Verlagen.Hinzu kommen \u00dcbersetzungen und das Verfassen von Texten.","breadcrumb":{"@id":"https:\/\/www.lektoratsbuero-architektur.de\/andreas-mueller\/#breadcrumb"},"inLanguage":"en-US","potentialAction":[{"@type":"ReadAction","target":["https:\/\/www.lektoratsbuero-architektur.de\/andreas-mueller\/"]}]},{"@type":"ImageObject","inLanguage":"en-US","@id":"https:\/\/www.lektoratsbuero-architektur.de\/andreas-mueller\/#primaryimage","url":"https:\/\/www.lektoratsbuero-architektur.de\/wp-content\/uploads\/2021\/02\/andreas.png","contentUrl":"https:\/\/www.lektoratsbuero-architektur.de\/wp-content\/uploads\/2021\/02\/andreas.png","width":245,"height":200},{"@type":"BreadcrumbList","@id":"https:\/\/www.lektoratsbuero-architektur.de\/andreas-mueller\/#breadcrumb","itemListElement":[{"@type":"ListItem","position":1,"name":"Startseite","item":"https:\/\/www.lektoratsbuero-architektur.de\/"},{"@type":"ListItem","position":2,"name":"\u00bb Andreas M\u00fcller"}]},{"@type":"WebSite","@id":"https:\/\/www.lektoratsbuero-architektur.de\/#website","url":"https:\/\/www.lektoratsbuero-architektur.de\/","name":"Lektoratsbuero Architektur","description":"Internationales Lektoratsb\u00fcro Architektur von Andreas M\u00fcller und Ria Stein","potentialAction":[{"@type":"SearchAction","target":{"@type":"EntryPoint","urlTemplate":"https:\/\/www.lektoratsbuero-architektur.de\/?s={search_term_string}"},"query-input":"required name=search_term_string"}],"inLanguage":"en-US"}]}},"_links":{"self":[{"href":"https:\/\/www.lektoratsbuero-architektur.de\/en\/wp-json\/wp\/v2\/pages\/26"}],"collection":[{"href":"https:\/\/www.lektoratsbuero-architektur.de\/en\/wp-json\/wp\/v2\/pages"}],"about":[{"href":"https:\/\/www.lektoratsbuero-architektur.de\/en\/wp-json\/wp\/v2\/types\/page"}],"author":[{"embeddable":true,"href":"https:\/\/www.lektoratsbuero-architektur.de\/en\/wp-json\/wp\/v2\/users\/1"}],"replies":[{"embeddable":true,"href":"https:\/\/www.lektoratsbuero-architektur.de\/en\/wp-json\/wp\/v2\/comments?post=26"}],"version-history":[{"count":5,"href":"https:\/\/www.lektoratsbuero-architektur.de\/en\/wp-json\/wp\/v2\/pages\/26\/revisions"}],"predecessor-version":[{"id":3012,"href":"https:\/\/www.lektoratsbuero-architektur.de\/en\/wp-json\/wp\/v2\/pages\/26\/revisions\/3012"}],"wp:attachment":[{"href":"https:\/\/www.lektoratsbuero-architektur.de\/en\/wp-json\/wp\/v2\/media?parent=26"}],"curies":[{"name":"wp","href":"https:\/\/api.w.org\/{rel}","templated":true}]}}